{"id":1495,"date":"2022-01-31T11:02:19","date_gmt":"2022-01-31T10:02:19","guid":{"rendered":"https:\/\/www.20face.com\/logical\/"},"modified":"2022-03-31T08:39:39","modified_gmt":"2022-03-31T07:39:39","slug":"logical","status":"publish","type":"page","link":"https:\/\/www.20face.com\/nl\/oplossingen\/logical\/","title":{"rendered":"Logical"},"content":{"rendered":"\n<section id=\"hero\" class=\"hero relative\">\n\n\t<picture>\n\t\t<source srcset=\"https:\/\/www.20face.com\/wp-content\/uploads\/2022\/01\/header-logical-2520x0-c-default.webp\" type=\"image\/webp\">\n\t\t<source srcset=\"https:\/\/www.20face.com\/wp-content\/uploads\/2022\/01\/header-logical-2520x0-c-default.jpg\" type=\"image\/jpeg\">\n\t\t<img decoding=\"async\" loading=\"lazy\" fetchpriority=\"high\" src=\"https:\/\/www.20face.com\/wp-content\/uploads\/2022\/01\/header-logical-2520x0-c-default.jpg\" width=\"2520\" alt=\"Fysieke \u00e9n digitale toegang met je gezicht\" class=\"w-full h-screen min-h-[500px] object-cover\"\/>\n\t<\/picture>\n\n\t<div class=\"absolute inset-0 \" style=\"background: transparent linear-gradient(360deg, #0D488347 0%, #0D4883C4 100%) 0% 0% no-repeat padding-box;\"><\/div>\n\n\t<div class=\"home-hero--content hero--content absolute text-white left-0 right-0 z-x20 top-[43vh]\">\n\t\t<div class=\"small-container mx-auto px-4 max-w-2xl\">\n\t\t\t<h1>\n\t\t\t\t\t\t\t\t\t<span class=\"text-yellow-500\">#logical<\/span><br\/>\n\t\t\t\t\t\t\t\tFysieke \u00e9n digitale toegang met je gezicht\n\t\t\t<\/h1>\n\t\t\t<div class=\"prose prose-white max-w-xl mb-6 text-lg\">\n\t\t\t\tGeef medewerkers, bezoekers en relaties toegang tot fysieke ruimtes \u00e9n digitale systemen met behulp van privacy-proof gezichtsherkenning.\n\t\t\t<\/div>\n\t\t\t\t\t<\/div>\n\t<\/div>\n\n\t<div class=\"absolute inset-x-0 bottom-0 flex -mb-7 place-content-center\">\n\t\t<span class=\"hero-down group hover:scale-105 transition-all bg-yellow-500 w-14 h-14 leading-[3.5rem] text-lg text-blue-800 text-center rounded-full font-bold flex place-content-center cursor-pointer\">\n\t\t\t<svg class=\"text-blue-800 h-10 w-10 self-center scale-100 group-hover:scale-110 transition-all\" xmlns=\"http:\/\/www.w3.org\/2000\/svg\" viewbox=\"0 0 20 20\" fill=\"currentColor\" aria-hidden=\"true\">\n\t\t\t\t<path fill-rule=\"evenodd\" d=\"M5.293 7.293a1 1 0 011.414 0L10 10.586l3.293-3.293a1 1 0 111.414 1.414l-4 4a1 1 0 01-1.414 0l-4-4a1 1 0 010-1.414z\" clip-rule=\"evenodd\"><\/path>\n\t\t\t<\/svg>\n\t\t<\/span>\n\t<\/div>\n<\/section>\n\n\n\t\t\t\n\n\n<div class=\"mt-24\">\n\t<div class=\"relative  pb-12 \">\n\t\t<div class=\"text-center\">\n\t\t\t<h1 class=\"text-blue-800 text-4xl leading-tight\">Waarom onze oplossing?<\/h1>\n\t\t<\/div>\n\t\t<div class=\"max-w-7xl mx-auto px-4 sm:px-6\">\n\t\t\t<div class=\"relative bg-background grid md:grid-cols-3 gap-8 mt-6 py-12 \">\n\t\t\t\t<div class=\"prose text-blue-800 md:col-span-1 relative z-10 pt-6 md:pt-12 md:order-1 pl-8 pr-8 md:pr-0\">\n\t\t\t\t\t<ul>\n<li>Het gezicht is het toegangsbewijs voor fysieke en digitale toegang<\/li>\n<li>Geen pasjes, druppels of codes; geen inloggegevens en wachtwoorden<\/li>\n<li>Fysieke \u00e9n logische toegangscontrole in \u00e9\u00e9n ge\u00efntegreerd systeem<\/li>\n<li>Voorkom ongeautoriseerde toegang op fysiek en digitaal gebied<\/li>\n<\/ul>\n\n\t\t\t\t<\/div>\n\t\t\t\t<div class=\"relative overflow-auto md:col-span-2 z-10 md:order-2\">\n\t\t\t\t\t<img decoding=\"async\" src=\" https:\/\/www.20face.com\/wp-content\/uploads\/2022\/01\/solution-logical.jpg \" alt=\"\" class=\"w-full border-bottom border-blue-500 border-b-3\">\n\t\t\t\t<\/div>\n\t\t\t\t<div class=\"absolute right-0 top-0 bottom-0 bg-white w-full md:w-[230px]\"><\/div>\n\t\t\t<\/div>\n\t\t<\/div>\n\t<\/div>\n\n<\/div>\n\n\n<div class=\"mt-24\" x-data=\"highlights()\" x-init=\"scrollHandler()\">\n\t<div class=\"text-center\">\n\t\t<h1 class=\"text-blue-800 text-4xl\">\n\t\t\tHoe het werkt\n\t\t<\/h1>\n\t\t<div class=\"prose max-w-lg mx-auto mb-6 text-blue-800 px-6 md:px-0\">\n\t\t\tGeef fysieke \u00e9n digitale toegang met gezichtsherkenning die volledig privacy-proof is. \n\t\t<\/div>\n\t<\/div>\n\t<div class=\"relative\">\n\n\t\t<div class=\"no-scrollbar relative w-full flex gap-12 snap-x snap-mandatory scroll-px-12 overflow-x-auto py-14 px-14 scroll-smooth 2xl:justify-center\" x-ref=\"highlightContainer\">\n\t\t\t\t\t\t\t<div class=\"snap-start shrink-0 relative text-center bg-background w-full max-w-[300px] min-h-[375px] px-8\">\n\t\t\t\t\t<span class=\"absolute -left-4 -top-4 block bg-yellow-500 w-14 h-14 leading-[3.5rem] text-lg text-blue-800 text-center rounded-full font-bold\">\n\t\t\t\t\t\t1\n\t\t\t\t\t<\/span>\n\t\t\t\t\t<div class=\"w-24 h-24 flex items-center justify-center mx-auto my-8\">\n\t\t\t\t\t\t<img decoding=\"async\" class=\"object-contain w-24 h-24\" src=\"https:\/\/www.20face.com\/wp-content\/uploads\/2022\/02\/icoon_envelop.png\"\/>\n\t\t\t\t\t<\/div>\n\n\t\t\t\t\t<p class=\"text-base text-blue-800\">\n\t\t\t\t\t\tEen medewerker, relatie of bezoeker krijgt een aanmeldlink via de mail.\n\t\t\t\t\t<\/p>\n\t\t\t\t<\/div>\n\t\t\t\t\t\t\t<div class=\"snap-start shrink-0 relative text-center bg-background w-full max-w-[300px] min-h-[375px] px-8\">\n\t\t\t\t\t<span class=\"absolute -left-4 -top-4 block bg-yellow-500 w-14 h-14 leading-[3.5rem] text-lg text-blue-800 text-center rounded-full font-bold\">\n\t\t\t\t\t\t2\n\t\t\t\t\t<\/span>\n\t\t\t\t\t<div class=\"w-24 h-24 flex items-center justify-center mx-auto my-8\">\n\t\t\t\t\t\t<img decoding=\"async\" class=\"object-contain w-24 h-24\" src=\"https:\/\/www.20face.com\/wp-content\/uploads\/2022\/02\/Icoon_foto.png\"\/>\n\t\t\t\t\t<\/div>\n\n\t\t\t\t\t<p class=\"text-base text-blue-800\">\n\t\t\t\t\t\tDe persoon registreert zich door een foto te maken met eigen smartphone, tablet of computer.\n\t\t\t\t\t<\/p>\n\t\t\t\t<\/div>\n\t\t\t\t\t\t\t<div class=\"snap-start shrink-0 relative text-center bg-background w-full max-w-[300px] min-h-[375px] px-8\">\n\t\t\t\t\t<span class=\"absolute -left-4 -top-4 block bg-yellow-500 w-14 h-14 leading-[3.5rem] text-lg text-blue-800 text-center rounded-full font-bold\">\n\t\t\t\t\t\t3\n\t\t\t\t\t<\/span>\n\t\t\t\t\t<div class=\"w-24 h-24 flex items-center justify-center mx-auto my-8\">\n\t\t\t\t\t\t<img decoding=\"async\" class=\"object-contain w-24 h-24\" src=\"https:\/\/www.20face.com\/wp-content\/uploads\/2022\/02\/Icoon_detectie.png\"\/>\n\t\t\t\t\t<\/div>\n\n\t\t\t\t\t<p class=\"text-base text-blue-800\">\n\t\t\t\t\t\tDe software berekent een unieke gezichtsvector van deze foto. De foto zelf wordt verwijderd.\n\t\t\t\t\t<\/p>\n\t\t\t\t<\/div>\n\t\t\t\t\t\t\t<div class=\"snap-start shrink-0 relative text-center bg-background w-full max-w-[300px] min-h-[375px] px-8\">\n\t\t\t\t\t<span class=\"absolute -left-4 -top-4 block bg-yellow-500 w-14 h-14 leading-[3.5rem] text-lg text-blue-800 text-center rounded-full font-bold\">\n\t\t\t\t\t\t4\n\t\t\t\t\t<\/span>\n\t\t\t\t\t<div class=\"w-24 h-24 flex items-center justify-center mx-auto my-8\">\n\t\t\t\t\t\t<img decoding=\"async\" class=\"object-contain w-24 h-24\" src=\"https:\/\/www.20face.com\/wp-content\/uploads\/2022\/02\/Icoon_off.png\"\/>\n\t\t\t\t\t<\/div>\n\n\t\t\t\t\t<p class=\"text-base text-blue-800\">\n\t\t\t\t\t\tMet \u00e9\u00e9n klik geeft hij toestemming voor herkenning bij specifieke fysieke of digitale toegangspunten (of trekt toestemming weer in).\n\t\t\t\t\t<\/p>\n\t\t\t\t<\/div>\n\t\t\t\t\t\t\t<div class=\"snap-start shrink-0 relative text-center bg-background w-full max-w-[300px] min-h-[375px] px-8\">\n\t\t\t\t\t<span class=\"absolute -left-4 -top-4 block bg-yellow-500 w-14 h-14 leading-[3.5rem] text-lg text-blue-800 text-center rounded-full font-bold\">\n\t\t\t\t\t\t5\n\t\t\t\t\t<\/span>\n\t\t\t\t\t<div class=\"w-24 h-24 flex items-center justify-center mx-auto my-8\">\n\t\t\t\t\t\t<img decoding=\"async\" class=\"object-contain w-24 h-24\" src=\"https:\/\/www.20face.com\/wp-content\/uploads\/2022\/03\/Step_5_icon.png\"\/>\n\t\t\t\t\t<\/div>\n\n\t\t\t\t\t<p class=\"text-base text-blue-800\">\n\t\t\t\t\t\tDe persoon wordt automatisch herkend bij fysieke toegangspoortjes, maar kan ook digitaal inloggen met zijn gezicht.\n\t\t\t\t\t<\/p>\n\t\t\t\t<\/div>\n\t\t\t\t\t<\/div>\n\n\t\t<span @click=\"prev($refs.highlightContainer)\" :disabled=\"buttonPrev\" class=\"btn prev cursor-pointer bg-red w-12 h-12 absolute left-0 ml-4 top-1\/2 -mt-9 rounded-full text-center flex items-center place-content-center transform rotate-180 disabled:opacity-20\" :class=\"{'opacity-20': buttonPrev}\">\n\t\t\t<svg xmlns=\"http:\/\/www.w3.org\/2000\/svg\" class=\"flex-shrink-0 h-10 w-10 text-blue-800\" fill=\"none\" viewbox=\"0 0 24 24\" stroke=\"currentColor\">\n\t\t\t\t<path stroke-linecap=\"round\" stroke-linejoin=\"round\" stroke-width=\"2\" d=\"M9 5l7 7-7 7\"\/>\n\t\t\t<\/svg>\n\t\t<\/span>\n\n\t\t<span @click=\"next($refs.highlightContainer)\" :disabled=\"buttonNext\" class=\"btn prev cursor-pointer bg-red w-12 h-12 absolute right-0 mr-4 top-1\/2 -mt-9 rounded-full text-center flex items-center place-content-center\" :class=\"{'opacity-20': buttonNext}\">\n\t\t\t<svg xmlns=\"http:\/\/www.w3.org\/2000\/svg\" class=\"flex-shrink-0 h-10 w-10 text-blue-800\" fill=\"none\" viewbox=\"0 0 24 24\" stroke=\"currentColor\">\n\t\t\t\t<path stroke-linecap=\"round\" stroke-linejoin=\"round\" stroke-width=\"2\" d=\"M9 5l7 7-7 7\"\/>\n\t\t\t<\/svg>\n\t\t<\/span>\n\n\t<\/div>\n<\/div>\n\n\n<script>\n\tfunction highlights() {\nreturn {\nactiveIndex: 0,\nindex: 0,\nslideCount: 0,\nbuttonNext: true,\nbuttonPrev: false,\n\ninit() {\nconsole.log('init');\nthis.scrollHandler()\n},\nprev(e) {\ne.scrollLeft = e.scrollLeft - 320\nthis.index = this.index + 1\nthis.scrollHandler()\n\n},\nnext(e) {\ne.scrollLeft = e.scrollLeft + 320\nthis.index = this.index - 1\nthis.scrollHandler()\n},\nscrollHandler() {\n\nif (this.$refs.highlightContainer.scrollLeft > 200) {\nthis.buttonPrev = false\n} else {\nthis.buttonPrev = true\n}\n\nif (this.$refs.highlightContainer.scrollWidth - this.$refs.highlightContainer.scrollLeft > this.$refs.highlightContainer.clientWidth) {\nthis.buttonNext = false\n} else {\nthis.buttonNext = true\n}\n},\n\nshowNext() {\nvar o = this.$refs.highlightContainer\nreturn o.offsetHeight + o.scrollTop == o.scrollHeight ? false : true\n},\n\nupdateIndex(e) {\nthis.scrollHandler()\nif (e.scrollLeft < e.clientWidth) {\nthis.activeIndex = 0;\n} else {\nthis.activeIndex = Math.round(e.scrollLeft \/ e.clientWidth);\n}\nconsole.log(this.activeIndex);\n}\n};\n}\n<\/script>\n\n\n<section class=\"max-w-5xl mx-auto my-12 bg-background py-12 px-12 \">\n\t<div class=\"text-center\">\n\t\t<blockquote class=\"font-bold text-blue-800 text-lg sm:text-xl md:text-2xl leading-relaxed text-center\">\u201eDe convergentie van fysieke en logische beveiliging in een cloud-based directory service maakt het gemakkelijker en sneller om werknemersidentiteit te controleren en beheren.\u201d<\/blockquote>\n\n\t\t\t\t\t<img decoding=\"async\" class=\"rounded-full mt-8 mx-auto\" alt=\"Erik Ubels\" src=\"https:\/\/www.20face.com\/wp-content\/uploads\/2022\/02\/Erik-Ubels-OVG-CTO-130x130-c-default.jpeg\">\n\t\t\n\t\t\t\t\t<p class=\"text-blue-800 mt-4 text-base\">-\n\t\t\t\tErik Ubels<\/p>\n\t\t\n\t<\/div>\n<\/section>\n\n\n<div class=\"mt-32 mb-48\">\n\t<div class=\"text-center\">\n\t\t<h1 class=\"text-blue-800 text-4xl px-10 md:px-0\">\n\t\t\tMeer weten over de oplossing van 20face?\n\t\t<\/h1>\n\t\t<div class=\"prose max-w-lg mx-auto mb-6 text-blue-800\">\n\t\t\t<p>\n\t\t\t\t\n\t\t\t<\/p>\n\t\t<\/div>\n\t<\/div>\n\t<div class=\"grid md:grid-cols-2 gap-16 md:gap-8 max-w-5xl mx-auto mt-12\">\n\t\t\t\t\t<div class=\"flex flex-col relative\">\n\t\t\t\t<div class=\"bg-background px-10 pt-6 grow flex flex-col mt-12\">\n\t\t\t\t\t<h3 class=\"text-blue-800 flex-none text-2xl -mt-[68px]\">\n\t\t\t\t\t\tErvaar onze oplossing live\n\t\t\t\t\t<\/h3>\n\t\t\t\t\t<p class=\"text-base text-blue-800 mb-2 flex-none\">\n\t\t\t\t\t\tNeem contact met ons op om een afspraak te maken en ervaar zelf live hoe snel en gemakkelijk de oplossing van 20face is.\n\t\t\t\t\t<\/p>\n\t\t\t\t\t<figure class=\"px-10 mt-6 mb-20 grow flex items-center\">\n\n\t\t\t\t\t\t<picture>\n\t\t\t\t\t\t\t<source srcset=\"\" type=\"image\/webp\">\n\t\t\t\t\t\t\t<source srcset=\"\" type=\"image\/png\">\n\t\t\t\t\t\t\t<img decoding=\"async\" loading=\"lazy\" fetchpriority=\"low\" src=\"\" alt=\"Ervaar onze oplossing live\"\/>\n\t\t\t\t\t\t<\/picture>\n\n\n\t\t\t\t\t<\/figure>\n\t\t\t\t\t\t\t\t\t\t\t<div class=\"absolute -bottom-6 flex-none\">\n\t\t\t\t\t\t\t<a href=\"https:\/\/www.20face.com\/nl\/contact\/\" class=\"button button_yellow\">\n\t\t\t\t\t\t\t\tNeem contact op\n\t\t\t\t\t\t\t<\/a>\n\t\t\t\t\t\t<\/div>\n\t\t\t\t\t\t\t\t\t<\/div>\n\t\t\t<\/div>\n\t\t\t\t\t<div class=\"flex flex-col relative\">\n\t\t\t\t<div class=\"bg-background px-10 pt-6 grow flex flex-col mt-12\">\n\t\t\t\t\t<h3 class=\"text-blue-800 flex-none text-2xl -mt-[68px]\">\n\t\t\t\t\t\tDownload een van onze resources\n\t\t\t\t\t<\/h3>\n\t\t\t\t\t<p class=\"text-base text-blue-800 mb-2 flex-none\">\n\t\t\t\t\t\tOntdek onze resources om meer te weten te komen over onze oplossing.\n\t\t\t\t\t<\/p>\n\t\t\t\t\t<figure class=\"px-10 mt-6 mb-20 grow flex items-center\">\n\n\t\t\t\t\t\t<picture>\n\t\t\t\t\t\t\t<source srcset=\"https:\/\/www.20face.com\/wp-content\/uploads\/2021\/12\/download-futureaccess.webp\" type=\"image\/webp\">\n\t\t\t\t\t\t\t<source srcset=\"https:\/\/www.20face.com\/wp-content\/uploads\/2021\/12\/download-futureaccess.jpg\" type=\"image\/png\">\n\t\t\t\t\t\t\t<img decoding=\"async\" loading=\"lazy\" fetchpriority=\"low\" src=\"https:\/\/www.20face.com\/wp-content\/uploads\/2021\/12\/download-futureaccess.jpg\" alt=\"Download een van onze resources\"\/>\n\t\t\t\t\t\t<\/picture>\n\n\n\t\t\t\t\t<\/figure>\n\t\t\t\t\t\t\t\t\t\t\t<div class=\"absolute -bottom-6 flex-none\">\n\t\t\t\t\t\t\t<a href=\"https:\/\/www.20face.com\/nl\/papers-downloads\/\" class=\"button button_yellow\">\n\t\t\t\t\t\t\t\tOntdek onze resources\n\t\t\t\t\t\t\t<\/a>\n\t\t\t\t\t\t<\/div>\n\t\t\t\t\t\t\t\t\t<\/div>\n\t\t\t<\/div>\n\t\t\t<\/div>\n<\/div>\n","protected":false},"excerpt":{"rendered":"","protected":false},"author":1,"featured_media":0,"parent":1615,"menu_order":0,"comment_status":"closed","ping_status":"closed","template":"","meta":{"_acf_changed":false,"footnotes":""},"class_list":["post-1495","page","type-page","status-publish","hentry"],"acf":[],"yoast_head":"<!-- This site is optimized with the Yoast SEO plugin v27.3 - https:\/\/yoast.com\/product\/yoast-seo-wordpress\/ -->\n<title>Logical - 20Face<\/title>\n<meta name=\"description\" content=\"Grant employees, visitors and business relations access to physical areas \u00e1nd digital systems with the help of privacy proof facial recognition.\" \/>\n<meta name=\"robots\" content=\"index, follow, max-snippet:-1, max-image-preview:large, max-video-preview:-1\" \/>\n<link rel=\"canonical\" href=\"https:\/\/www.20face.com\/nl\/oplossingen\/logical\/\" \/>\n<meta property=\"og:locale\" content=\"nl_NL\" \/>\n<meta property=\"og:type\" content=\"article\" \/>\n<meta property=\"og:title\" content=\"Logical - 20Face\" \/>\n<meta property=\"og:description\" content=\"Grant employees, visitors and business relations access to physical areas \u00e1nd digital systems with the help of privacy proof facial recognition.\" \/>\n<meta property=\"og:url\" content=\"https:\/\/www.20face.com\/nl\/oplossingen\/logical\/\" \/>\n<meta property=\"og:site_name\" content=\"20Face\" \/>\n<meta property=\"article:modified_time\" content=\"2022-03-31T07:39:39+00:00\" \/>\n<meta name=\"twitter:card\" content=\"summary_large_image\" \/>\n<script type=\"application\/ld+json\" class=\"yoast-schema-graph\">{\"@context\":\"https:\\\/\\\/schema.org\",\"@graph\":[{\"@type\":\"WebPage\",\"@id\":\"https:\\\/\\\/www.20face.com\\\/nl\\\/oplossingen\\\/logical\\\/\",\"url\":\"https:\\\/\\\/www.20face.com\\\/nl\\\/oplossingen\\\/logical\\\/\",\"name\":\"Logical - 20Face\",\"isPartOf\":{\"@id\":\"https:\\\/\\\/www.20face.com\\\/nl\\\/#website\"},\"datePublished\":\"2022-01-31T10:02:19+00:00\",\"dateModified\":\"2022-03-31T07:39:39+00:00\",\"description\":\"Grant employees, visitors and business relations access to physical areas \u00e1nd digital systems with the help of privacy proof facial recognition.\",\"breadcrumb\":{\"@id\":\"https:\\\/\\\/www.20face.com\\\/nl\\\/oplossingen\\\/logical\\\/#breadcrumb\"},\"inLanguage\":\"nl-NL\",\"potentialAction\":[{\"@type\":\"ReadAction\",\"target\":[\"https:\\\/\\\/www.20face.com\\\/nl\\\/oplossingen\\\/logical\\\/\"]}]},{\"@type\":\"BreadcrumbList\",\"@id\":\"https:\\\/\\\/www.20face.com\\\/nl\\\/oplossingen\\\/logical\\\/#breadcrumb\",\"itemListElement\":[{\"@type\":\"ListItem\",\"position\":1,\"name\":\"Home\",\"item\":\"https:\\\/\\\/www.20face.com\\\/nl\\\/\"},{\"@type\":\"ListItem\",\"position\":2,\"name\":\"Oplossingen\",\"item\":\"https:\\\/\\\/www.20face.com\\\/nl\\\/oplossingen\\\/\"},{\"@type\":\"ListItem\",\"position\":3,\"name\":\"Logical\"}]},{\"@type\":\"WebSite\",\"@id\":\"https:\\\/\\\/www.20face.com\\\/nl\\\/#website\",\"url\":\"https:\\\/\\\/www.20face.com\\\/nl\\\/\",\"name\":\"20Face\",\"description\":\"Privacy proof biometrics\",\"potentialAction\":[{\"@type\":\"SearchAction\",\"target\":{\"@type\":\"EntryPoint\",\"urlTemplate\":\"https:\\\/\\\/www.20face.com\\\/nl\\\/?s={search_term_string}\"},\"query-input\":{\"@type\":\"PropertyValueSpecification\",\"valueRequired\":true,\"valueName\":\"search_term_string\"}}],\"inLanguage\":\"nl-NL\"}]}<\/script>\n<!-- \/ Yoast SEO plugin. -->","yoast_head_json":{"title":"Logical - 20Face","description":"Grant employees, visitors and business relations access to physical areas \u00e1nd digital systems with the help of privacy proof facial recognition.","robots":{"index":"index","follow":"follow","max-snippet":"max-snippet:-1","max-image-preview":"max-image-preview:large","max-video-preview":"max-video-preview:-1"},"canonical":"https:\/\/www.20face.com\/nl\/oplossingen\/logical\/","og_locale":"nl_NL","og_type":"article","og_title":"Logical - 20Face","og_description":"Grant employees, visitors and business relations access to physical areas \u00e1nd digital systems with the help of privacy proof facial recognition.","og_url":"https:\/\/www.20face.com\/nl\/oplossingen\/logical\/","og_site_name":"20Face","article_modified_time":"2022-03-31T07:39:39+00:00","twitter_card":"summary_large_image","schema":{"@context":"https:\/\/schema.org","@graph":[{"@type":"WebPage","@id":"https:\/\/www.20face.com\/nl\/oplossingen\/logical\/","url":"https:\/\/www.20face.com\/nl\/oplossingen\/logical\/","name":"Logical - 20Face","isPartOf":{"@id":"https:\/\/www.20face.com\/nl\/#website"},"datePublished":"2022-01-31T10:02:19+00:00","dateModified":"2022-03-31T07:39:39+00:00","description":"Grant employees, visitors and business relations access to physical areas \u00e1nd digital systems with the help of privacy proof facial recognition.","breadcrumb":{"@id":"https:\/\/www.20face.com\/nl\/oplossingen\/logical\/#breadcrumb"},"inLanguage":"nl-NL","potentialAction":[{"@type":"ReadAction","target":["https:\/\/www.20face.com\/nl\/oplossingen\/logical\/"]}]},{"@type":"BreadcrumbList","@id":"https:\/\/www.20face.com\/nl\/oplossingen\/logical\/#breadcrumb","itemListElement":[{"@type":"ListItem","position":1,"name":"Home","item":"https:\/\/www.20face.com\/nl\/"},{"@type":"ListItem","position":2,"name":"Oplossingen","item":"https:\/\/www.20face.com\/nl\/oplossingen\/"},{"@type":"ListItem","position":3,"name":"Logical"}]},{"@type":"WebSite","@id":"https:\/\/www.20face.com\/nl\/#website","url":"https:\/\/www.20face.com\/nl\/","name":"20Face","description":"Privacy proof biometrics","potentialAction":[{"@type":"SearchAction","target":{"@type":"EntryPoint","urlTemplate":"https:\/\/www.20face.com\/nl\/?s={search_term_string}"},"query-input":{"@type":"PropertyValueSpecification","valueRequired":true,"valueName":"search_term_string"}}],"inLanguage":"nl-NL"}]}},"_links":{"self":[{"href":"https:\/\/www.20face.com\/nl\/wp-json\/wp\/v2\/pages\/1495","targetHints":{"allow":["GET"]}}],"collection":[{"href":"https:\/\/www.20face.com\/nl\/wp-json\/wp\/v2\/pages"}],"about":[{"href":"https:\/\/www.20face.com\/nl\/wp-json\/wp\/v2\/types\/page"}],"author":[{"embeddable":true,"href":"https:\/\/www.20face.com\/nl\/wp-json\/wp\/v2\/users\/1"}],"replies":[{"embeddable":true,"href":"https:\/\/www.20face.com\/nl\/wp-json\/wp\/v2\/comments?post=1495"}],"version-history":[{"count":10,"href":"https:\/\/www.20face.com\/nl\/wp-json\/wp\/v2\/pages\/1495\/revisions"}],"predecessor-version":[{"id":2163,"href":"https:\/\/www.20face.com\/nl\/wp-json\/wp\/v2\/pages\/1495\/revisions\/2163"}],"up":[{"embeddable":true,"href":"https:\/\/www.20face.com\/nl\/wp-json\/wp\/v2\/pages\/1615"}],"wp:attachment":[{"href":"https:\/\/www.20face.com\/nl\/wp-json\/wp\/v2\/media?parent=1495"}],"curies":[{"name":"wp","href":"https:\/\/api.w.org\/{rel}","templated":true}]}}